{"id":18321,"date":"2021-08-12T10:19:57","date_gmt":"2021-08-12T08:19:57","guid":{"rendered":"https:\/\/staging.electrosuisse.ch\/?page_id=18321"},"modified":"2023-02-22T14:37:19","modified_gmt":"2023-02-22T13:37:19","slug":"value-added-services","status":"publish","type":"page","link":"https:\/\/staging.electrosuisse.ch\/de\/normung\/value-added-services\/","title":{"rendered":"Value Added Services"},"content":{"rendered":"<div class=\"wpb-content-wrapper\"><p>[vc_row][vc_column][vc_column_text]<\/p>\n<h1>Value Added Services<\/h1>\n<p>Das <a href=\"https:\/\/staging.electrosuisse.ch\/de\/normung\/ces\/\">CES<\/a> bietet Value Added Services rund um den Bereich der elektrotechnischen Normung an, im Einzelnen (Liste nicht abschliessend):<\/p>\n<ul>\n<li>Consulting<\/li>\n<li>Konformit\u00e4t\n<ul>\n<li>Verifikation von Zertifizierungsanforderungen und\/oder Zertifizierungsantrag bzw Zertifizierungsauftrag an das Pr\u00fcfinstitut<\/li>\n<li>Beurteilen von DoC (Declaration of Conformity) bzw. DoP (Declaration of Performance)<\/li>\n<li>Unabh\u00e4ngige zweite Meinung<\/li>\n<li>Produkt-Konformit\u00e4ts-ManagementConsulting<\/li>\n<li>Produkt-Konformit\u00e4ts-Monitoring<\/li>\n<\/ul>\n<\/li>\n<\/ul>\n<ul>\n<li>Normen\u00fcberwachung \/ -validierung auf Aktualit\u00e4t (elektro-technische Dokumente)<\/li>\n<li>\u00dcbernahme von Rollen<\/li>\n<\/ul>\n<p>Sie interessieren sich f\u00fcr einen unserer Value Added Services \u2013 dann kontaktieren Sie uns unter: <strong><a href=\"&#x6d;&#97;&#x69;&#108;t&#x6f;&#58;c&#x65;&#115;&#x40;&#x65;l&#x65;&#99;t&#x72;&#111;&#x73;&#x75;i&#x73;&#115;e&#x2e;&#99;h\" target=\"_blank\" rel=\"noopener\">&#x63;&#101;s&#x40;&#101;l&#x65;&#99;t&#x72;&#111;s&#x75;&#105;s&#x73;&#101;&#46;&#x63;&#104;<\/a><\/strong><\/p>\n<p>Wir unterbreiten Ihnen f\u00fcr Ihre spezifische Aufgaben- und\/oder Fragestellung das passende Angebot.[\/vc_column_text][\/vc_column][\/vc_row]<\/p>\n<\/div>","protected":false},"excerpt":{"rendered":"<p>[vc_row][vc_column][vc_column_text] Value Added Services Das CES bietet Value Added Services rund um den Bereich der elektrotechnischen Normung an, im Einzelnen (Liste nicht abschliessend): Consulting Konformit\u00e4t Verifikation von Zertifizierungsanforderungen und\/oder Zertifizierungsantrag bzw Zertifizierungsauftrag an das Pr\u00fcfinstitut Beurteilen von DoC (Declaration of Conformity) bzw. DoP (Declaration of Performance) Unabh\u00e4ngige zweite Meinung Produkt-Konformit\u00e4ts-ManagementConsulting Produkt-Konformit\u00e4ts-Monitoring Normen\u00fcberwachung \/ -validierung auf [&hellip;]<\/p>\n","protected":false},"author":20,"featured_media":0,"parent":93,"menu_order":182,"comment_status":"closed","ping_status":"closed","template":"","meta":{"_acf_changed":false,"_monsterinsights_skip_tracking":false,"_monsterinsights_sitenote_active":false,"_monsterinsights_sitenote_note":"","_monsterinsights_sitenote_category":0,"footnotes":""},"class_list":["post-18321","page","type-page","status-publish","hentry"],"acf":[],"yoast_head":"<!-- This site is optimized with the Yoast SEO Premium plugin v26.4 (Yoast SEO v27.0) - https:\/\/yoast.com\/product\/yoast-seo-premium-wordpress\/ -->\n<title>Value added services - Electrosuisse CES<\/title>\n<meta name=\"description\" content=\"Unser Service: Consulting, Konformit\u00e4t, Normen\u00fcberwachung \/ -validierung und die \u00dcbernahme von Rollen - das passende Angebot nach Anfrage.\" \/>\n<meta name=\"robots\" content=\"noindex, follow, max-snippet:-1, max-image-preview:large, max-video-preview:-1\" \/>\n<meta property=\"og:locale\" content=\"de_DE\" \/>\n<meta property=\"og:type\" content=\"article\" \/>\n<meta property=\"og:title\" content=\"Value added services - Electrosuisse CES\" \/>\n<meta property=\"og:description\" content=\"Unser Service: Consulting, Konformit\u00e4t, Normen\u00fcberwachung \/ -validierung und die \u00dcbernahme von Rollen - das passende Angebot nach Anfrage.\" \/>\n<meta property=\"og:url\" content=\"https:\/\/staging.electrosuisse.ch\/de\/normung\/value-added-services\/\" \/>\n<meta property=\"og:site_name\" content=\"Electrosuisse\" \/>\n<meta property=\"article:modified_time\" content=\"2023-02-22T13:37:19+00:00\" \/>\n<meta property=\"og:image\" content=\"https:\/\/staging.electrosuisse.ch\/wp-content\/uploads\/2022\/12\/Electrosuisse_Ueber_uns_1578x650.jpg\" \/>\n\t<meta property=\"og:image:width\" content=\"1578\" \/>\n\t<meta property=\"og:image:height\" content=\"650\" \/>\n\t<meta property=\"og:image:type\" content=\"image\/jpeg\" \/>\n<script type=\"application\/ld+json\" class=\"yoast-schema-graph\">{\"@context\":\"https:\/\/schema.org\",\"@graph\":[{\"@type\":\"WebPage\",\"@id\":\"https:\/\/staging.electrosuisse.ch\/de\/normung\/value-added-services\/\",\"url\":\"https:\/\/staging.electrosuisse.ch\/de\/normung\/value-added-services\/\",\"name\":\"Value added services - Electrosuisse CES\",\"isPartOf\":{\"@id\":\"https:\/\/staging.electrosuisse.ch\/de\/#website\"},\"datePublished\":\"2021-08-12T08:19:57+00:00\",\"dateModified\":\"2023-02-22T13:37:19+00:00\",\"description\":\"Unser Service: Consulting, Konformit\u00e4t, Normen\u00fcberwachung \/ -validierung und die \u00dcbernahme von Rollen - das passende Angebot nach Anfrage.\",\"breadcrumb\":{\"@id\":\"https:\/\/staging.electrosuisse.ch\/de\/normung\/value-added-services\/#breadcrumb\"},\"inLanguage\":\"de\",\"potentialAction\":[{\"@type\":\"ReadAction\",\"target\":[\"https:\/\/staging.electrosuisse.ch\/de\/normung\/value-added-services\/\"]}]},{\"@type\":\"BreadcrumbList\",\"@id\":\"https:\/\/staging.electrosuisse.ch\/de\/normung\/value-added-services\/#breadcrumb\",\"itemListElement\":[{\"@type\":\"ListItem\",\"position\":1,\"name\":\"Normung\",\"item\":\"https:\/\/staging.electrosuisse.ch\/de\/normung\/\"},{\"@type\":\"ListItem\",\"position\":2,\"name\":\"Value Added Services\"}]},{\"@type\":\"WebSite\",\"@id\":\"https:\/\/staging.electrosuisse.ch\/de\/#website\",\"url\":\"https:\/\/staging.electrosuisse.ch\/de\/\",\"name\":\"Electrosuisse\",\"description\":\"\",\"publisher\":{\"@id\":\"https:\/\/staging.electrosuisse.ch\/de\/#organization\"},\"potentialAction\":[{\"@type\":\"SearchAction\",\"target\":{\"@type\":\"EntryPoint\",\"urlTemplate\":\"https:\/\/staging.electrosuisse.ch\/de\/?s={search_term_string}\"},\"query-input\":{\"@type\":\"PropertyValueSpecification\",\"valueRequired\":true,\"valueName\":\"search_term_string\"}}],\"inLanguage\":\"de\"},{\"@type\":\"Organization\",\"@id\":\"https:\/\/staging.electrosuisse.ch\/de\/#organization\",\"name\":\"Electrosuisse\",\"url\":\"https:\/\/staging.electrosuisse.ch\/de\/\",\"logo\":{\"@type\":\"ImageObject\",\"inLanguage\":\"de\",\"@id\":\"https:\/\/staging.electrosuisse.ch\/de\/#\/schema\/logo\/image\/\",\"url\":\"https:\/\/staging.electrosuisse.ch\/wp-content\/uploads\/2025\/04\/Electrosuisse_Logo_696x696.png\",\"contentUrl\":\"https:\/\/staging.electrosuisse.ch\/wp-content\/uploads\/2025\/04\/Electrosuisse_Logo_696x696.png\",\"width\":696,\"height\":696,\"caption\":\"Electrosuisse\"},\"image\":{\"@id\":\"https:\/\/staging.electrosuisse.ch\/de\/#\/schema\/logo\/image\/\"},\"sameAs\":[\"https:\/\/www.linkedin.com\/company\/electrosuisse-ag\/posts\/?feedView=all\",\"https:\/\/www.instagram.com\/electrosuisse1889\/\",\"https:\/\/www.youtube.com\/channel\/UCoOxohMiVE0Gjcdis1L09zw\"],\"description\":\"Electrosuisse ist eine anerkannte und unabh\u00e4ngige Fachorganisation, die erstklassige Dienstleistungen und Produkte in den Bereichen Inspektion, Beratung, Pr\u00fcfung, Zertifizierung, Normung und Weiterbildung anbietet. Unsere Expertise umfasst Elektrotechnik, Elektromobilit\u00e4t, Energieberatung, Geb\u00e4udeautomation und Photovoltaik in der Schweiz. Durch die Veranstaltung etablierter Branchen-Events und Fachtagungen f\u00f6rdert Electrosuisse den Wissenstransfer und den fachlichen Austausch. Im Mittelpunkt unserer T\u00e4tigkeiten steht die F\u00f6rderung der sicheren, wirtschaftlichen und umweltgerechten Anwendung der Elektrotechnik.\"}]}<\/script>\n<!-- \/ Yoast SEO Premium plugin. -->","yoast_head_json":{"title":"Value added services - Electrosuisse CES","description":"Unser Service: Consulting, Konformit\u00e4t, Normen\u00fcberwachung \/ -validierung und die \u00dcbernahme von Rollen - das passende Angebot nach Anfrage.","robots":{"index":"noindex","follow":"follow","max-snippet":"max-snippet:-1","max-image-preview":"max-image-preview:large","max-video-preview":"max-video-preview:-1"},"og_locale":"de_DE","og_type":"article","og_title":"Value added services - Electrosuisse CES","og_description":"Unser Service: Consulting, Konformit\u00e4t, Normen\u00fcberwachung \/ -validierung und die \u00dcbernahme von Rollen - das passende Angebot nach Anfrage.","og_url":"https:\/\/staging.electrosuisse.ch\/de\/normung\/value-added-services\/","og_site_name":"Electrosuisse","article_modified_time":"2023-02-22T13:37:19+00:00","og_image":[{"width":1578,"height":650,"url":"https:\/\/staging.electrosuisse.ch\/wp-content\/uploads\/2022\/12\/Electrosuisse_Ueber_uns_1578x650.jpg","type":"image\/jpeg"}],"schema":{"@context":"https:\/\/schema.org","@graph":[{"@type":"WebPage","@id":"https:\/\/staging.electrosuisse.ch\/de\/normung\/value-added-services\/","url":"https:\/\/staging.electrosuisse.ch\/de\/normung\/value-added-services\/","name":"Value added services - Electrosuisse CES","isPartOf":{"@id":"https:\/\/staging.electrosuisse.ch\/de\/#website"},"datePublished":"2021-08-12T08:19:57+00:00","dateModified":"2023-02-22T13:37:19+00:00","description":"Unser Service: Consulting, Konformit\u00e4t, Normen\u00fcberwachung \/ -validierung und die \u00dcbernahme von Rollen - das passende Angebot nach Anfrage.","breadcrumb":{"@id":"https:\/\/staging.electrosuisse.ch\/de\/normung\/value-added-services\/#breadcrumb"},"inLanguage":"de","potentialAction":[{"@type":"ReadAction","target":["https:\/\/staging.electrosuisse.ch\/de\/normung\/value-added-services\/"]}]},{"@type":"BreadcrumbList","@id":"https:\/\/staging.electrosuisse.ch\/de\/normung\/value-added-services\/#breadcrumb","itemListElement":[{"@type":"ListItem","position":1,"name":"Normung","item":"https:\/\/staging.electrosuisse.ch\/de\/normung\/"},{"@type":"ListItem","position":2,"name":"Value Added Services"}]},{"@type":"WebSite","@id":"https:\/\/staging.electrosuisse.ch\/de\/#website","url":"https:\/\/staging.electrosuisse.ch\/de\/","name":"Electrosuisse","description":"","publisher":{"@id":"https:\/\/staging.electrosuisse.ch\/de\/#organization"},"potentialAction":[{"@type":"SearchAction","target":{"@type":"EntryPoint","urlTemplate":"https:\/\/staging.electrosuisse.ch\/de\/?s={search_term_string}"},"query-input":{"@type":"PropertyValueSpecification","valueRequired":true,"valueName":"search_term_string"}}],"inLanguage":"de"},{"@type":"Organization","@id":"https:\/\/staging.electrosuisse.ch\/de\/#organization","name":"Electrosuisse","url":"https:\/\/staging.electrosuisse.ch\/de\/","logo":{"@type":"ImageObject","inLanguage":"de","@id":"https:\/\/staging.electrosuisse.ch\/de\/#\/schema\/logo\/image\/","url":"https:\/\/staging.electrosuisse.ch\/wp-content\/uploads\/2025\/04\/Electrosuisse_Logo_696x696.png","contentUrl":"https:\/\/staging.electrosuisse.ch\/wp-content\/uploads\/2025\/04\/Electrosuisse_Logo_696x696.png","width":696,"height":696,"caption":"Electrosuisse"},"image":{"@id":"https:\/\/staging.electrosuisse.ch\/de\/#\/schema\/logo\/image\/"},"sameAs":["https:\/\/www.linkedin.com\/company\/electrosuisse-ag\/posts\/?feedView=all","https:\/\/www.instagram.com\/electrosuisse1889\/","https:\/\/www.youtube.com\/channel\/UCoOxohMiVE0Gjcdis1L09zw"],"description":"Electrosuisse ist eine anerkannte und unabh\u00e4ngige Fachorganisation, die erstklassige Dienstleistungen und Produkte in den Bereichen Inspektion, Beratung, Pr\u00fcfung, Zertifizierung, Normung und Weiterbildung anbietet. Unsere Expertise umfasst Elektrotechnik, Elektromobilit\u00e4t, Energieberatung, Geb\u00e4udeautomation und Photovoltaik in der Schweiz. Durch die Veranstaltung etablierter Branchen-Events und Fachtagungen f\u00f6rdert Electrosuisse den Wissenstransfer und den fachlichen Austausch. Im Mittelpunkt unserer T\u00e4tigkeiten steht die F\u00f6rderung der sicheren, wirtschaftlichen und umweltgerechten Anwendung der Elektrotechnik."}]}},"amp_enabled":true,"_links":{"self":[{"href":"https:\/\/staging.electrosuisse.ch\/de\/wp-json\/wp\/v2\/pages\/18321","targetHints":{"allow":["GET"]}}],"collection":[{"href":"https:\/\/staging.electrosuisse.ch\/de\/wp-json\/wp\/v2\/pages"}],"about":[{"href":"https:\/\/staging.electrosuisse.ch\/de\/wp-json\/wp\/v2\/types\/page"}],"author":[{"embeddable":true,"href":"https:\/\/staging.electrosuisse.ch\/de\/wp-json\/wp\/v2\/users\/20"}],"replies":[{"embeddable":true,"href":"https:\/\/staging.electrosuisse.ch\/de\/wp-json\/wp\/v2\/comments?post=18321"}],"version-history":[{"count":1,"href":"https:\/\/staging.electrosuisse.ch\/de\/wp-json\/wp\/v2\/pages\/18321\/revisions"}],"predecessor-version":[{"id":29152,"href":"https:\/\/staging.electrosuisse.ch\/de\/wp-json\/wp\/v2\/pages\/18321\/revisions\/29152"}],"up":[{"embeddable":true,"href":"https:\/\/staging.electrosuisse.ch\/de\/wp-json\/wp\/v2\/pages\/93"}],"wp:attachment":[{"href":"https:\/\/staging.electrosuisse.ch\/de\/wp-json\/wp\/v2\/media?parent=18321"}],"curies":[{"name":"wp","href":"https:\/\/api.w.org\/{rel}","templated":true}]}}