{"id":34203,"date":"2024-02-22T09:34:00","date_gmt":"2024-02-22T08:34:00","guid":{"rendered":"https:\/\/staging.electrosuisse.ch\/?page_id=34203"},"modified":"2025-11-27T09:44:48","modified_gmt":"2025-11-27T08:44:48","slug":"energieoptimierung","status":"publish","type":"page","link":"https:\/\/staging.electrosuisse.ch\/de\/engineering\/energieoptimierung\/","title":{"rendered":"Energieoptimierung"},"content":{"rendered":"<div class=\"wpb-content-wrapper\"><p>[vc_row][vc_column][vc_column_text]In vielen Betrieben l\u00e4sst sich bereits mit einfachen Massnahmen erheblich Energie einsparen, ohne den Unternehmensprozess zu beeintr\u00e4chtigen. Die energetische Betriebsoptimierung (eBO), aktiv unterst\u00fctzt vom Bundesprogramm <a href=\"https:\/\/www.energieschweiz.ch\/\" target=\"_blank\" rel=\"noopener\">EnergieSchweiz<\/a>, ist ein anerkanntes Vorgehen und wesentlicher Bestandteil der Energieoptimierung im Gesamtsystem. Dabei wird der Energieverbrauch von Unternehmen um bis zu 15% zu reduziert, ohne Kompromisse bei Komfort oder Produktionsprozessen. Sie k\u00f6nnen Ihre Betriebskosten senken und gleichzeitig transparenter agieren.<\/p>\n<h3>Vorteile der Energieoptimierung<\/h3>\n<ul>\n<li>Reduktion des Energieverbrauchs um bis zu 15% (W\u00e4rme + Elektro)<\/li>\n<li>Einhaltung gesetzlicher Vorgaben f\u00fcr KMUs<\/li>\n<li>Reduktion von Emissionen und Anlagenverschleiss<\/li>\n<li>Vorbereitung auf Energiemangel-Situationen<\/li>\n<li>Erf\u00fcllung von Effizienzzielen und internen Vorgaben<\/li>\n<\/ul>\n<p>Energieoptimierung bietet die L\u00f6sung f\u00fcr Herausforderungen wie zu hohen Energiebedarf, unn\u00f6tigen Betrieb oder Komfortprobleme.[\/vc_column_text][\/vc_column][\/vc_row][vc_row el_id=&#8221;angebot&#8221;][vc_column][vc_column_text]<\/p>\n<h3>Unser Angebot<\/h3>\n<p>Wir bieten eine ganzheitliche Energieoptimierung, um Ihre Prozesse sinnvoll und nachhaltig zu verbessern. Unsere transparente Vorgehensweise umfasst Messungen, detaillierte Analysen und individuelle Massnahmen. Wir garantieren reale Benefits, Transparenz, Umsetzbarkeit und eine abschliessende Erfolgskontrolle.<\/p>\n<h3>Ihre Erfolge<\/h3>\n<ul>\n<li>Effizienterer Betrieb<\/li>\n<li>Energie- und Kostenersparnis<\/li>\n<li>Unkomplizierte Umsetzung ohne Mehraufwand<\/li>\n<li>Amortisation innerhalb weniger Monate bis maximal zwei Jahre<\/li>\n<\/ul>\n<h3>F\u00f6rderm\u00f6glichkeiten<\/h3>\n<p>Einige Kantone gew\u00e4hren F\u00f6rderbeitr\u00e4ge f\u00fcr Energieoptimierungen. Gerne kl\u00e4ren wir f\u00fcr Sie die F\u00f6rderm\u00f6glichkeiten ab.<\/p>\n<h3>Unsere Spezialisten<\/h3>\n<p>Als unabh\u00e4ngige Fachorganisation f\u00fcr Elektro-, Energie-, und Informationstechnik b\u00fcndeln wir die Kompetenzen aus unterschiedlichen Fachgebieten. Unsere Spezialisten aus den Bereichen HLK, Maschinenbau, Data Science, Umwelt-, Energie-, Verfahrens- und Elektrotechnik arbeiten interdisziplin\u00e4r und zielorientiert an den L\u00f6sungen zu Ihren Herausforderungen. Wir unterst\u00fctzen Sie gerne auf dem Weg zu einem optimierten Betrieb und hin zu einer effizienten Zukunft.[\/vc_column_text][vc_column_text css=&#8221;&#8221;]<\/p>\n<h3>Das Wichtigste in K\u00fcrze<\/h3>\n<ul>\n<li>Energetische Betriebsoptimierung erm\u00f6glicht je nach Anlagenzustand und Steuerung Einsparungen von bis zu 15% beim W\u00e4rme- und Stromverbrauch, ohne Komfort- oder Produktionsverluste, oder grosse Investitionen.<\/li>\n<li>Vorteile sind u.a. geringere Betriebskosten und Ressourcenverbrauch, reduzierte Emissionen, weniger Anlagenverschleiss und die Einhaltung gesetzlicher Vorgaben.<\/li>\n<li>Die Massnahmen bereiten Unternehmen auch auf m\u00f6gliche Energiemangellagen vor, z.B. durch Aufschl\u00fcsselung der kurzfristigen und langfristigen energetischen Auswirkungen von Massnahmen.<\/li>\n<li>Electrosuisse unterst\u00fctzt bei der Analyse und Realisierung von energetischen Optimierungspotenzialen und sorgt so f\u00fcr einen effizienteren Betrieb ohne Abstriche. Auch Herausforderungen wie \u00fcberh\u00f6hter Energiebedarf, ineffizienter Betrieb und Komfortprobleme k\u00f6nnen so gel\u00f6st werden.<\/li>\n<li>Die energetische Betriebsoptimierung (eBO) ist ein anerkanntes Verfahren und wird vom Bundesprogramm EnergieSchweiz unterst\u00fctzt.<\/li>\n<\/ul>\n<p>[\/vc_column_text][\/vc_column][\/vc_row][vc_row el_id=&#8221;kontakt&#8221;][vc_column][vc_column_text el_class=&#8221;lead&#8221;]<\/p>\n<h2>Kontakt<\/h2>\n<p>[\/vc_column_text]<div class=\"wpb_contact_column wpb_content_element wpb_contact_column--container\"><div class=\"wpb_wrapper\"><div class=\"contact_container_outer\"><div class=\"contact_container\"><div class=\"contact row middle-xs\"><div class=\"contact__img col-sm-5 col-xs-12\"><img decoding=\"async\" src=\"https:\/\/staging.electrosuisse.ch\/wp-content\/uploads\/2024\/08\/StefanBaer_302x302.png\" alt=\"Stefan B\u00e4r - Teamleiter Engineering Ost\" \/><\/div><div class=\"contact__info col-sm-7 col-xs-12\"><p><b>Stefan B\u00e4r<\/b><br>Teamleiter Engineering Ost<\/p><div class=\"phone has-link\"><a href=\"tel:+41585951571\">+41 58 595 15 71<\/a><\/div><div class=\"mail has-link\"><a href=\"mailto:s&#116;&#x65;&#x66;&#x61;n&#46;&#x62;&#x61;&#x65;r&#64;&#x65;&#x6c;&#x65;c&#116;&#x72;&#x6f;&#x73;u&#105;&#x73;&#x73;&#x65;&#46;&#99;&#x68;\">&#x73;&#116;&#101;&#x66;&#x61;&#110;&#46;&#x62;&#x61;&#101;&#114;&#x40;&#x65;&#108;&#101;&#x63;&#x74;&#114;&#111;&#x73;&#x75;&#105;&#115;&#x73;&#x65;&#46;&#99;&#x68;<\/a><\/div><\/div><\/div><\/div><\/div><div class=\"contact_container_outer\"><div class=\"contact_container\"><div class=\"contact row middle-xs\"><div class=\"contact__img col-sm-5 col-xs-12\"><img decoding=\"async\" src=\"https:\/\/staging.electrosuisse.ch\/wp-content\/uploads\/2025\/09\/Felix-Bigler_320x320.png\" alt=\"Felix Bigler - Teamleiter Engineering West\" \/><\/div><div class=\"contact__info col-sm-7 col-xs-12\"><p><b>Felix Bigler<\/b><br>Teamleiter Engineering West<\/p><div class=\"phone has-link\"><a href=\"tel:+41585951575\">+41 58 595 15 75<\/a><\/div><div class=\"mail has-link\"><a href=\"mailto:&#x66;&#x65;&#108;i&#x78;&#x2e;&#98;ig&#x6c;&#x65;&#114;&#64;&#x65;&#x6c;&#101;&#99;t&#x72;&#x6f;&#115;u&#x69;&#x73;&#115;&#101;&#46;&#x63;&#x68;\">&#x66;&#x65;&#x6c;&#x69;&#120;&#46;&#98;ig&#x6c;&#x65;&#x72;&#x40;&#x65;&#108;&#101;&#99;tr&#x6f;&#x73;&#x75;&#x69;&#x73;&#115;&#101;&#46;ch<\/a><\/div><\/div><\/div><\/div><\/div><div class=\"contact_container_outer\"><div class=\"contact_container\"><div class=\"contact row middle-xs\"><div class=\"contact__img col-sm-5 col-xs-12\"><img decoding=\"async\" src=\"\/wp-content\/themes\/SCHMUCKI_child\/img\/contact_placeholder.jpg\" alt=\"Beratung, Inspektion und Engineering\" \/><\/div><div class=\"contact__info col-sm-7 col-xs-12\"><p><b>Beratung, Inspektion und Engineering<\/b><br>Innendienst<\/p><div class=\"phone has-link\"><a href=\"tel:+41585951199\">+41 58 595 11 99<\/a><\/div><div class=\"mail has-link\"><a href=\"mailto:&#98;&#x65;&#114;&#x61;&#116;&#x75;&#110;&#x67;&#64;&#x65;&#108;&#x65;&#99;&#x74;&#114;&#x6f;&#115;&#x75;&#105;&#x73;&#115;&#x65;&#46;&#x63;&#104; \">b&#101;&#114;&#x61;&#x74;u&#110;&#103;&#x40;&#x65;&#x6c;e&#99;&#116;&#x72;&#x6f;su&#105;&#x73;&#x73;&#x65;&#46;&#99;&#104; <\/a><\/div><\/div><\/div><\/div><\/div><\/div><\/div>[\/vc_column][\/vc_row]<\/p>\n<\/div>","protected":false},"excerpt":{"rendered":"<p>[vc_row][vc_column][vc_column_text]In vielen Betrieben l\u00e4sst sich bereits mit einfachen Massnahmen erheblich Energie einsparen, ohne den Unternehmensprozess zu beeintr\u00e4chtigen. Die energetische Betriebsoptimierung (eBO), aktiv unterst\u00fctzt vom Bundesprogramm EnergieSchweiz, ist ein anerkanntes Vorgehen und wesentlicher Bestandteil der Energieoptimierung im Gesamtsystem. Dabei wird der Energieverbrauch von Unternehmen um bis zu 15% zu reduziert, ohne Kompromisse bei Komfort oder Produktionsprozessen. [&hellip;]<\/p>\n","protected":false},"author":38,"featured_media":0,"parent":28,"menu_order":214,"comment_status":"closed","ping_status":"closed","template":"","meta":{"_acf_changed":false,"_monsterinsights_skip_tracking":false,"_monsterinsights_sitenote_active":false,"_monsterinsights_sitenote_note":"","_monsterinsights_sitenote_category":0,"footnotes":""},"class_list":["post-34203","page","type-page","status-publish","hentry"],"acf":[],"yoast_head":"<!-- This site is optimized with the Yoast SEO Premium plugin v26.4 (Yoast SEO v27.0) - https:\/\/yoast.com\/product\/yoast-seo-premium-wordpress\/ -->\n<title>Energieoptimierung - Electrosuisse<\/title>\n<meta name=\"description\" content=\"Im Fall einer Strommangellage tritt k\u00fcnftig OSTRAL in Kraft \u2013 wir helfen dabei, Ihre Energieversorgung entsprechend vorzubereiten.\" \/>\n<meta name=\"robots\" content=\"noindex, follow, max-snippet:-1, max-image-preview:large, max-video-preview:-1\" \/>\n<meta property=\"og:locale\" content=\"de_DE\" \/>\n<meta property=\"og:type\" content=\"article\" \/>\n<meta property=\"og:title\" content=\"Energieoptimierung - Electrosuisse\" \/>\n<meta property=\"og:description\" content=\"Im Fall einer Strommangellage tritt k\u00fcnftig OSTRAL in Kraft \u2013 wir helfen dabei, Ihre Energieversorgung entsprechend vorzubereiten.\" \/>\n<meta property=\"og:url\" content=\"https:\/\/staging.electrosuisse.ch\/de\/engineering\/energieoptimierung\/\" \/>\n<meta property=\"og:site_name\" content=\"Electrosuisse\" \/>\n<meta property=\"article:modified_time\" content=\"2025-11-27T08:44:48+00:00\" \/>\n<meta property=\"og:image\" content=\"https:\/\/staging.electrosuisse.ch\/wp-content\/uploads\/2019\/04\/Electrosuisse_Energienutzungskonzept_iStock-491842814-e1554283006791.jpg\" \/>\n\t<meta property=\"og:image:width\" content=\"1578\" \/>\n\t<meta property=\"og:image:height\" content=\"650\" \/>\n\t<meta property=\"og:image:type\" content=\"image\/jpeg\" \/>\n<script type=\"application\/ld+json\" class=\"yoast-schema-graph\">{\"@context\":\"https:\/\/schema.org\",\"@graph\":[{\"@type\":\"WebPage\",\"@id\":\"https:\/\/staging.electrosuisse.ch\/de\/engineering\/energieoptimierung\/\",\"url\":\"https:\/\/staging.electrosuisse.ch\/de\/engineering\/energieoptimierung\/\",\"name\":\"Energieoptimierung - Electrosuisse\",\"isPartOf\":{\"@id\":\"https:\/\/staging.electrosuisse.ch\/de\/#website\"},\"datePublished\":\"2024-02-22T08:34:00+00:00\",\"dateModified\":\"2025-11-27T08:44:48+00:00\",\"description\":\"Im Fall einer Strommangellage tritt k\u00fcnftig OSTRAL in Kraft \u2013 wir helfen dabei, Ihre Energieversorgung entsprechend vorzubereiten.\",\"breadcrumb\":{\"@id\":\"https:\/\/staging.electrosuisse.ch\/de\/engineering\/energieoptimierung\/#breadcrumb\"},\"inLanguage\":\"de\",\"potentialAction\":[{\"@type\":\"ReadAction\",\"target\":[\"https:\/\/staging.electrosuisse.ch\/de\/engineering\/energieoptimierung\/\"]}]},{\"@type\":\"BreadcrumbList\",\"@id\":\"https:\/\/staging.electrosuisse.ch\/de\/engineering\/energieoptimierung\/#breadcrumb\",\"itemListElement\":[{\"@type\":\"ListItem\",\"position\":1,\"name\":\"Engineering\",\"item\":\"https:\/\/staging.electrosuisse.ch\/de\/engineering\/\"},{\"@type\":\"ListItem\",\"position\":2,\"name\":\"Energieoptimierung\"}]},{\"@type\":\"WebSite\",\"@id\":\"https:\/\/staging.electrosuisse.ch\/de\/#website\",\"url\":\"https:\/\/staging.electrosuisse.ch\/de\/\",\"name\":\"Electrosuisse\",\"description\":\"\",\"publisher\":{\"@id\":\"https:\/\/staging.electrosuisse.ch\/de\/#organization\"},\"potentialAction\":[{\"@type\":\"SearchAction\",\"target\":{\"@type\":\"EntryPoint\",\"urlTemplate\":\"https:\/\/staging.electrosuisse.ch\/de\/?s={search_term_string}\"},\"query-input\":{\"@type\":\"PropertyValueSpecification\",\"valueRequired\":true,\"valueName\":\"search_term_string\"}}],\"inLanguage\":\"de\"},{\"@type\":\"Organization\",\"@id\":\"https:\/\/staging.electrosuisse.ch\/de\/#organization\",\"name\":\"Electrosuisse\",\"url\":\"https:\/\/staging.electrosuisse.ch\/de\/\",\"logo\":{\"@type\":\"ImageObject\",\"inLanguage\":\"de\",\"@id\":\"https:\/\/staging.electrosuisse.ch\/de\/#\/schema\/logo\/image\/\",\"url\":\"https:\/\/staging.electrosuisse.ch\/wp-content\/uploads\/2025\/04\/Electrosuisse_Logo_696x696.png\",\"contentUrl\":\"https:\/\/staging.electrosuisse.ch\/wp-content\/uploads\/2025\/04\/Electrosuisse_Logo_696x696.png\",\"width\":696,\"height\":696,\"caption\":\"Electrosuisse\"},\"image\":{\"@id\":\"https:\/\/staging.electrosuisse.ch\/de\/#\/schema\/logo\/image\/\"},\"sameAs\":[\"https:\/\/www.linkedin.com\/company\/electrosuisse-ag\/posts\/?feedView=all\",\"https:\/\/www.instagram.com\/electrosuisse1889\/\",\"https:\/\/www.youtube.com\/channel\/UCoOxohMiVE0Gjcdis1L09zw\"],\"description\":\"Electrosuisse ist eine anerkannte und unabh\u00e4ngige Fachorganisation, die erstklassige Dienstleistungen und Produkte in den Bereichen Inspektion, Beratung, Pr\u00fcfung, Zertifizierung, Normung und Weiterbildung anbietet. Unsere Expertise umfasst Elektrotechnik, Elektromobilit\u00e4t, Energieberatung, Geb\u00e4udeautomation und Photovoltaik in der Schweiz. Durch die Veranstaltung etablierter Branchen-Events und Fachtagungen f\u00f6rdert Electrosuisse den Wissenstransfer und den fachlichen Austausch. Im Mittelpunkt unserer T\u00e4tigkeiten steht die F\u00f6rderung der sicheren, wirtschaftlichen und umweltgerechten Anwendung der Elektrotechnik.\"}]}<\/script>\n<!-- \/ Yoast SEO Premium plugin. -->","yoast_head_json":{"title":"Energieoptimierung - Electrosuisse","description":"Im Fall einer Strommangellage tritt k\u00fcnftig OSTRAL in Kraft \u2013 wir helfen dabei, Ihre Energieversorgung entsprechend vorzubereiten.","robots":{"index":"noindex","follow":"follow","max-snippet":"max-snippet:-1","max-image-preview":"max-image-preview:large","max-video-preview":"max-video-preview:-1"},"og_locale":"de_DE","og_type":"article","og_title":"Energieoptimierung - Electrosuisse","og_description":"Im Fall einer Strommangellage tritt k\u00fcnftig OSTRAL in Kraft \u2013 wir helfen dabei, Ihre Energieversorgung entsprechend vorzubereiten.","og_url":"https:\/\/staging.electrosuisse.ch\/de\/engineering\/energieoptimierung\/","og_site_name":"Electrosuisse","article_modified_time":"2025-11-27T08:44:48+00:00","og_image":[{"width":1578,"height":650,"url":"https:\/\/staging.electrosuisse.ch\/wp-content\/uploads\/2019\/04\/Electrosuisse_Energienutzungskonzept_iStock-491842814-e1554283006791.jpg","type":"image\/jpeg"}],"schema":{"@context":"https:\/\/schema.org","@graph":[{"@type":"WebPage","@id":"https:\/\/staging.electrosuisse.ch\/de\/engineering\/energieoptimierung\/","url":"https:\/\/staging.electrosuisse.ch\/de\/engineering\/energieoptimierung\/","name":"Energieoptimierung - Electrosuisse","isPartOf":{"@id":"https:\/\/staging.electrosuisse.ch\/de\/#website"},"datePublished":"2024-02-22T08:34:00+00:00","dateModified":"2025-11-27T08:44:48+00:00","description":"Im Fall einer Strommangellage tritt k\u00fcnftig OSTRAL in Kraft \u2013 wir helfen dabei, Ihre Energieversorgung entsprechend vorzubereiten.","breadcrumb":{"@id":"https:\/\/staging.electrosuisse.ch\/de\/engineering\/energieoptimierung\/#breadcrumb"},"inLanguage":"de","potentialAction":[{"@type":"ReadAction","target":["https:\/\/staging.electrosuisse.ch\/de\/engineering\/energieoptimierung\/"]}]},{"@type":"BreadcrumbList","@id":"https:\/\/staging.electrosuisse.ch\/de\/engineering\/energieoptimierung\/#breadcrumb","itemListElement":[{"@type":"ListItem","position":1,"name":"Engineering","item":"https:\/\/staging.electrosuisse.ch\/de\/engineering\/"},{"@type":"ListItem","position":2,"name":"Energieoptimierung"}]},{"@type":"WebSite","@id":"https:\/\/staging.electrosuisse.ch\/de\/#website","url":"https:\/\/staging.electrosuisse.ch\/de\/","name":"Electrosuisse","description":"","publisher":{"@id":"https:\/\/staging.electrosuisse.ch\/de\/#organization"},"potentialAction":[{"@type":"SearchAction","target":{"@type":"EntryPoint","urlTemplate":"https:\/\/staging.electrosuisse.ch\/de\/?s={search_term_string}"},"query-input":{"@type":"PropertyValueSpecification","valueRequired":true,"valueName":"search_term_string"}}],"inLanguage":"de"},{"@type":"Organization","@id":"https:\/\/staging.electrosuisse.ch\/de\/#organization","name":"Electrosuisse","url":"https:\/\/staging.electrosuisse.ch\/de\/","logo":{"@type":"ImageObject","inLanguage":"de","@id":"https:\/\/staging.electrosuisse.ch\/de\/#\/schema\/logo\/image\/","url":"https:\/\/staging.electrosuisse.ch\/wp-content\/uploads\/2025\/04\/Electrosuisse_Logo_696x696.png","contentUrl":"https:\/\/staging.electrosuisse.ch\/wp-content\/uploads\/2025\/04\/Electrosuisse_Logo_696x696.png","width":696,"height":696,"caption":"Electrosuisse"},"image":{"@id":"https:\/\/staging.electrosuisse.ch\/de\/#\/schema\/logo\/image\/"},"sameAs":["https:\/\/www.linkedin.com\/company\/electrosuisse-ag\/posts\/?feedView=all","https:\/\/www.instagram.com\/electrosuisse1889\/","https:\/\/www.youtube.com\/channel\/UCoOxohMiVE0Gjcdis1L09zw"],"description":"Electrosuisse ist eine anerkannte und unabh\u00e4ngige Fachorganisation, die erstklassige Dienstleistungen und Produkte in den Bereichen Inspektion, Beratung, Pr\u00fcfung, Zertifizierung, Normung und Weiterbildung anbietet. Unsere Expertise umfasst Elektrotechnik, Elektromobilit\u00e4t, Energieberatung, Geb\u00e4udeautomation und Photovoltaik in der Schweiz. Durch die Veranstaltung etablierter Branchen-Events und Fachtagungen f\u00f6rdert Electrosuisse den Wissenstransfer und den fachlichen Austausch. Im Mittelpunkt unserer T\u00e4tigkeiten steht die F\u00f6rderung der sicheren, wirtschaftlichen und umweltgerechten Anwendung der Elektrotechnik."}]}},"amp_enabled":true,"_links":{"self":[{"href":"https:\/\/staging.electrosuisse.ch\/de\/wp-json\/wp\/v2\/pages\/34203","targetHints":{"allow":["GET"]}}],"collection":[{"href":"https:\/\/staging.electrosuisse.ch\/de\/wp-json\/wp\/v2\/pages"}],"about":[{"href":"https:\/\/staging.electrosuisse.ch\/de\/wp-json\/wp\/v2\/types\/page"}],"author":[{"embeddable":true,"href":"https:\/\/staging.electrosuisse.ch\/de\/wp-json\/wp\/v2\/users\/38"}],"replies":[{"embeddable":true,"href":"https:\/\/staging.electrosuisse.ch\/de\/wp-json\/wp\/v2\/comments?post=34203"}],"version-history":[{"count":11,"href":"https:\/\/staging.electrosuisse.ch\/de\/wp-json\/wp\/v2\/pages\/34203\/revisions"}],"predecessor-version":[{"id":40523,"href":"https:\/\/staging.electrosuisse.ch\/de\/wp-json\/wp\/v2\/pages\/34203\/revisions\/40523"}],"up":[{"embeddable":true,"href":"https:\/\/staging.electrosuisse.ch\/de\/wp-json\/wp\/v2\/pages\/28"}],"wp:attachment":[{"href":"https:\/\/staging.electrosuisse.ch\/de\/wp-json\/wp\/v2\/media?parent=34203"}],"curies":[{"name":"wp","href":"https:\/\/api.w.org\/{rel}","templated":true}]}}