{"id":34443,"date":"2024-03-13T09:09:05","date_gmt":"2024-03-13T08:09:05","guid":{"rendered":"https:\/\/staging.electrosuisse.ch\/?page_id=34443"},"modified":"2025-11-27T09:47:39","modified_gmt":"2025-11-27T08:47:39","slug":"energieaudit","status":"publish","type":"page","link":"https:\/\/staging.electrosuisse.ch\/de\/engineering\/energieaudit\/","title":{"rendered":"Energieaudit"},"content":{"rendered":"<div class=\"wpb-content-wrapper\"><p>[vc_row][vc_column][vc_column_text]In heutigen und zuk\u00fcnftigen Energiesystemen ist die effiziente Nutzung von Energie zentral. Neben Kosteneinsparungen sprechen auch regulatorische Anforderungen und marktwirtschaftliche Anreize f\u00fcr einen effizienten Betrieb. Ein Energieaudit kann Optimierungsm\u00f6glichkeiten methodisch aufzeigen und zur aktiven, strukturierten und dokumentierten Verbesserung genutzt werden. Dabei wird das eigene Energiesystem analysiert, Einsparpotenziale definiert und ein konkreter Massnahmenplan erarbeitet. Auf diese Weise k\u00f6nnen faktenbasierte Entscheidungen getroffen, Risiken minimiert und Entscheidungsprozesse beschleunigt werden. Ein Audit nach (SN) EN 16247 (1-4) erf\u00fcllt hohe Qualit\u00e4tsstandards, ist international anerkannt (z.B. f\u00fcr die Zertifizierung nach ISO 50001) und betrachtet fokussiert die Bereiche Geb\u00e4ude, Prozesse und Transport.<\/p>\n<h3>Inhalte des Energieaudits<\/h3>\n<ul>\n<li>Nachweis basierend auf international anerkannten Standards<\/li>\n<li>Methodische und rekonstruierbare Analyse<\/li>\n<li>Erfassung der statischen Faktoren, der energiebezogenen Leistung und der relevanten Variablen<\/li>\n<li>\u00dcberblick \u00fcber die Relevanz der Energieverbraucher<\/li>\n<li>Datengrundlage f\u00fcr Investitionen in die Energieeffizienz<\/li>\n<\/ul>\n<p>Ein Energieaudit schafft Transparenz und bildet die Grundlage f\u00fcr eine stetige Steigerung der Energieeffizienz in Ihrem Unternehmen.[\/vc_column_text][\/vc_column][\/vc_row][vc_row el_id=&#8221;angebot&#8221;][vc_column][vc_column_text]<\/p>\n<h3>Unser Angebot<\/h3>\n<p>Wir f\u00fchren ein ganzheitliches Energieaudit durch und erarbeiten gemeinsam mit Ihnen Massnahmen f\u00fcr eine erfolgreiche Optimierung. Die Massnahmen basieren auf den Erkenntnissen aus dem Energieaudits und sollen den gr\u00f6sstm\u00f6glichen Nutzen erzielen.<\/p>\n<p>Dabei setzen wir auf Messungen und ein datenbasiertes Grundverst\u00e4ndnis f\u00fcr die exakte Bewertung Ihres Systems. Wir erm\u00f6glichen Vorteile durch Transparenz und nachvollziehbare, umsetzbare L\u00f6sungen.<\/p>\n<h3>Ihre Vorteile<\/h3>\n<ul>\n<li>Ganzheitliche Analyse<\/li>\n<li>Transparenz \u00fcber ihre Verbraucher und Energiesystem<\/li>\n<li>Individuelle Strategie zur Steigerung der Energieeffizienz<\/li>\n<li>Erh\u00f6hung der Entscheidungs- und Investitionssicherheit<\/li>\n<li>Verbesserung der Unternehmensreputation<\/li>\n<\/ul>\n<h3>Unsere Spezialisten<\/h3>\n<p>Als unabh\u00e4ngige Fachorganisation f\u00fcr Elektro-, Energie-, und Informationstechnik b\u00fcndeln wir die Kompetenzen aus unterschiedlichen Fachgebieten. Unsere Spezialisten aus den Bereichen Energie-, Umwelt-, Elektro-, Chemie-, HLK- und Verfahrenstechnik, Maschinenbau und Data Science arbeiten interdisziplin\u00e4r und zielorientiert an den L\u00f6sungen f\u00fcr Ihre Herausforderungen. Wir unterst\u00fctzen Sie gerne auf dem Weg zu einem zukunftsf\u00e4higen Energiesystem, beginnend mit einem fundierten Energieaudit.[\/vc_column_text][vc_column_text css=&#8221;&#8221;]<\/p>\n<h3>Das Wichtigste in K\u00fcrze<\/h3>\n<ul>\n<li>Energieaudits werden genutzt, um systematisch das Energiesystem eines Unternehmens zu analysieren, Einsparpotenziale zu identifizieren und konkrete Optimierungsmassnahmen zu erarbeiten.<\/li>\n<li>Ein Audit schafft Transparenz \u00fcber die Energienutzung und erm\u00f6glicht faktenbasierte Entscheidungen zur Effizienzsteigerung.<\/li>\n<li>Electrosuisse setzt f\u00fcr ein verl\u00e4ssliches Audit auf gezielte Messungen und datenbasierte Analysen zur exakten Bewertung und Entwicklung individueller Strategien.<\/li>\n<li>Der Interdisziplin\u00e4re Ansatz sorgt f\u00fcr eine ganzheitliche Betrachtung und Ber\u00fccksichtigung relevanter Einflussfaktoren, sodass ein klares Bild des Energienutzungsverhaltens entsteht.<\/li>\n<li>Energieaudits k\u00f6nnen nach internationalen Standards (SN EN 16247) durchgef\u00fchrt und als Grundlage f\u00fcr Zertifizierungen wie ISO 50001 genutzt werden.<\/li>\n<\/ul>\n<p>[\/vc_column_text][\/vc_column][\/vc_row][vc_row el_id=&#8221;kontakt&#8221;][vc_column][vc_column_text el_class=&#8221;lead&#8221;]<\/p>\n<h2>Kontakt<\/h2>\n<p>[\/vc_column_text]<div class=\"wpb_contact_column wpb_content_element wpb_contact_column--container\"><div class=\"wpb_wrapper\"><div class=\"contact_container_outer\"><div class=\"contact_container\"><div class=\"contact row middle-xs\"><div class=\"contact__img col-sm-5 col-xs-12\"><img decoding=\"async\" src=\"https:\/\/staging.electrosuisse.ch\/wp-content\/uploads\/2024\/08\/StefanBaer_302x302.png\" alt=\"Stefan B\u00e4r - Teamleiter Engineering Ost\" \/><\/div><div class=\"contact__info col-sm-7 col-xs-12\"><p><b>Stefan B\u00e4r<\/b><br>Teamleiter Engineering Ost<\/p><div class=\"phone has-link\"><a href=\"tel:+41585951571\">+41 58 595 15 71<\/a><\/div><div class=\"mail has-link\"><a href=\"mailto:&#x73;&#x74;&#x65;&#x66;&#x61;&#x6e;&#46;&#98;&#97;&#101;r&#64;el&#x65;&#x63;&#x74;&#x72;&#x6f;&#x73;&#117;&#105;&#115;&#115;&#101;&#46;ch\">s&#116;&#x65;&#x66;a&#110;&#46;&#x62;&#x61;e&#114;&#64;&#x65;&#x6c;e&#99;&#x74;&#x72;&#x6f;s&#117;&#x69;&#x73;s&#101;&#46;&#x63;&#x68;<\/a><\/div><\/div><\/div><\/div><\/div><div class=\"contact_container_outer\"><div class=\"contact_container\"><div class=\"contact row middle-xs\"><div class=\"contact__img col-sm-5 col-xs-12\"><img decoding=\"async\" src=\"https:\/\/staging.electrosuisse.ch\/wp-content\/uploads\/2025\/09\/Felix-Bigler_320x320.png\" alt=\"Felix Bigler - Teamleiter Engineering West\" \/><\/div><div class=\"contact__info col-sm-7 col-xs-12\"><p><b>Felix Bigler<\/b><br>Teamleiter Engineering West<\/p><div class=\"phone has-link\"><a href=\"tel:+41585951575\">+41 58 595 15 75<\/a><\/div><div class=\"mail has-link\"><a href=\"mailto:&#x66;&#x65;&#x6c;&#x69;&#x78;&#x2e;&#x62;&#x69;&#103;&#108;&#101;&#114;&#64;&#101;&#108;ectr&#x6f;&#x73;&#x75;&#x69;&#x73;&#x73;&#x65;&#x2e;&#x63;&#104;\">&#x66;e&#x6c;i&#x78;&#46;&#x62;&#105;g&#x6c;e&#x72;&#64;&#x65;&#108;&#x65;&#99;t&#x72;o&#x73;&#117;&#x69;&#115;&#x73;&#x65;&#46;&#x63;h<\/a><\/div><\/div><\/div><\/div><\/div><div class=\"contact_container_outer\"><div class=\"contact_container\"><div class=\"contact row middle-xs\"><div class=\"contact__img col-sm-5 col-xs-12\"><img decoding=\"async\" src=\"\/wp-content\/themes\/SCHMUCKI_child\/img\/contact_placeholder.jpg\" alt=\"Beratung, Inspektion und Engineering\" \/><\/div><div class=\"contact__info col-sm-7 col-xs-12\"><p><b>Beratung, Inspektion und Engineering<\/b><br>Innendienst<\/p><div class=\"phone has-link\"><a href=\"tel:+41585951199\">+41 58 595 11 99<\/a><\/div><div class=\"mail has-link\"><a href=\"mailto:&#x62;&#x65;&#x72;&#x61;&#116;&#117;&#110;&#103;&#64;el&#x65;&#x63;&#x74;&#x72;&#x6f;&#115;&#117;&#105;sse&#x2e;&#x63;&#x68; \">&#x62;&#x65;&#114;a&#x74;&#x75;&#x6e;&#103;&#64;&#x65;&#x6c;&#x65;&#99;t&#x72;&#x6f;&#x73;&#117;i&#x73;&#x73;&#x65;&#46;c&#x68; <\/a><\/div><\/div><\/div><\/div><\/div><\/div><\/div>[\/vc_column][\/vc_row]<\/p>\n<\/div>","protected":false},"excerpt":{"rendered":"<p>[vc_row][vc_column][vc_column_text]In heutigen und zuk\u00fcnftigen Energiesystemen ist die effiziente Nutzung von Energie zentral. Neben Kosteneinsparungen sprechen auch regulatorische Anforderungen und marktwirtschaftliche Anreize f\u00fcr einen effizienten Betrieb. Ein Energieaudit kann Optimierungsm\u00f6glichkeiten methodisch aufzeigen und zur aktiven, strukturierten und dokumentierten Verbesserung genutzt werden. Dabei wird das eigene Energiesystem analysiert, Einsparpotenziale definiert und ein konkreter Massnahmenplan erarbeitet. Auf diese [&hellip;]<\/p>\n","protected":false},"author":38,"featured_media":0,"parent":28,"menu_order":215,"comment_status":"closed","ping_status":"closed","template":"","meta":{"_acf_changed":false,"_monsterinsights_skip_tracking":false,"_monsterinsights_sitenote_active":false,"_monsterinsights_sitenote_note":"","_monsterinsights_sitenote_category":0,"footnotes":""},"class_list":["post-34443","page","type-page","status-publish","hentry"],"acf":[],"yoast_head":"<!-- This site is optimized with the Yoast SEO Premium plugin v26.4 (Yoast SEO v27.0) - https:\/\/yoast.com\/product\/yoast-seo-premium-wordpress\/ -->\n<title>Energieaudit - Electrosuisse<\/title>\n<meta name=\"description\" content=\"Energieaudit-Expertise: Effizienzsteigerung, Kostensenkung, ISO 50001 Konformit\u00e4t.\" \/>\n<meta name=\"robots\" content=\"noindex, follow, max-snippet:-1, max-image-preview:large, max-video-preview:-1\" \/>\n<meta property=\"og:locale\" content=\"de_DE\" \/>\n<meta property=\"og:type\" content=\"article\" \/>\n<meta property=\"og:title\" content=\"Energieaudit - Electrosuisse\" \/>\n<meta property=\"og:description\" content=\"Energieaudit-Expertise: Effizienzsteigerung, Kostensenkung, ISO 50001 Konformit\u00e4t.\" \/>\n<meta property=\"og:url\" content=\"https:\/\/staging.electrosuisse.ch\/de\/engineering\/energieaudit\/\" \/>\n<meta property=\"og:site_name\" content=\"Electrosuisse\" \/>\n<meta property=\"article:modified_time\" content=\"2025-11-27T08:47:39+00:00\" \/>\n<meta property=\"og:image\" content=\"https:\/\/staging.electrosuisse.ch\/wp-content\/uploads\/2019\/04\/Electrosuisse_Energienutzungskonzept_iStock-491842814-e1554283006791.jpg\" \/>\n\t<meta property=\"og:image:width\" content=\"1578\" \/>\n\t<meta property=\"og:image:height\" content=\"650\" \/>\n\t<meta property=\"og:image:type\" content=\"image\/jpeg\" \/>\n<script type=\"application\/ld+json\" class=\"yoast-schema-graph\">{\"@context\":\"https:\/\/schema.org\",\"@graph\":[{\"@type\":\"WebPage\",\"@id\":\"https:\/\/staging.electrosuisse.ch\/de\/engineering\/energieaudit\/\",\"url\":\"https:\/\/staging.electrosuisse.ch\/de\/engineering\/energieaudit\/\",\"name\":\"Energieaudit - Electrosuisse\",\"isPartOf\":{\"@id\":\"https:\/\/staging.electrosuisse.ch\/de\/#website\"},\"datePublished\":\"2024-03-13T08:09:05+00:00\",\"dateModified\":\"2025-11-27T08:47:39+00:00\",\"description\":\"Energieaudit-Expertise: Effizienzsteigerung, Kostensenkung, ISO 50001 Konformit\u00e4t.\",\"breadcrumb\":{\"@id\":\"https:\/\/staging.electrosuisse.ch\/de\/engineering\/energieaudit\/#breadcrumb\"},\"inLanguage\":\"de\",\"potentialAction\":[{\"@type\":\"ReadAction\",\"target\":[\"https:\/\/staging.electrosuisse.ch\/de\/engineering\/energieaudit\/\"]}]},{\"@type\":\"BreadcrumbList\",\"@id\":\"https:\/\/staging.electrosuisse.ch\/de\/engineering\/energieaudit\/#breadcrumb\",\"itemListElement\":[{\"@type\":\"ListItem\",\"position\":1,\"name\":\"Engineering\",\"item\":\"https:\/\/staging.electrosuisse.ch\/de\/engineering\/\"},{\"@type\":\"ListItem\",\"position\":2,\"name\":\"Energieaudit\"}]},{\"@type\":\"WebSite\",\"@id\":\"https:\/\/staging.electrosuisse.ch\/de\/#website\",\"url\":\"https:\/\/staging.electrosuisse.ch\/de\/\",\"name\":\"Electrosuisse\",\"description\":\"\",\"publisher\":{\"@id\":\"https:\/\/staging.electrosuisse.ch\/de\/#organization\"},\"potentialAction\":[{\"@type\":\"SearchAction\",\"target\":{\"@type\":\"EntryPoint\",\"urlTemplate\":\"https:\/\/staging.electrosuisse.ch\/de\/?s={search_term_string}\"},\"query-input\":{\"@type\":\"PropertyValueSpecification\",\"valueRequired\":true,\"valueName\":\"search_term_string\"}}],\"inLanguage\":\"de\"},{\"@type\":\"Organization\",\"@id\":\"https:\/\/staging.electrosuisse.ch\/de\/#organization\",\"name\":\"Electrosuisse\",\"url\":\"https:\/\/staging.electrosuisse.ch\/de\/\",\"logo\":{\"@type\":\"ImageObject\",\"inLanguage\":\"de\",\"@id\":\"https:\/\/staging.electrosuisse.ch\/de\/#\/schema\/logo\/image\/\",\"url\":\"https:\/\/staging.electrosuisse.ch\/wp-content\/uploads\/2025\/04\/Electrosuisse_Logo_696x696.png\",\"contentUrl\":\"https:\/\/staging.electrosuisse.ch\/wp-content\/uploads\/2025\/04\/Electrosuisse_Logo_696x696.png\",\"width\":696,\"height\":696,\"caption\":\"Electrosuisse\"},\"image\":{\"@id\":\"https:\/\/staging.electrosuisse.ch\/de\/#\/schema\/logo\/image\/\"},\"sameAs\":[\"https:\/\/www.linkedin.com\/company\/electrosuisse-ag\/posts\/?feedView=all\",\"https:\/\/www.instagram.com\/electrosuisse1889\/\",\"https:\/\/www.youtube.com\/channel\/UCoOxohMiVE0Gjcdis1L09zw\"],\"description\":\"Electrosuisse ist eine anerkannte und unabh\u00e4ngige Fachorganisation, die erstklassige Dienstleistungen und Produkte in den Bereichen Inspektion, Beratung, Pr\u00fcfung, Zertifizierung, Normung und Weiterbildung anbietet. Unsere Expertise umfasst Elektrotechnik, Elektromobilit\u00e4t, Energieberatung, Geb\u00e4udeautomation und Photovoltaik in der Schweiz. Durch die Veranstaltung etablierter Branchen-Events und Fachtagungen f\u00f6rdert Electrosuisse den Wissenstransfer und den fachlichen Austausch. Im Mittelpunkt unserer T\u00e4tigkeiten steht die F\u00f6rderung der sicheren, wirtschaftlichen und umweltgerechten Anwendung der Elektrotechnik.\"}]}<\/script>\n<!-- \/ Yoast SEO Premium plugin. -->","yoast_head_json":{"title":"Energieaudit - Electrosuisse","description":"Energieaudit-Expertise: Effizienzsteigerung, Kostensenkung, ISO 50001 Konformit\u00e4t.","robots":{"index":"noindex","follow":"follow","max-snippet":"max-snippet:-1","max-image-preview":"max-image-preview:large","max-video-preview":"max-video-preview:-1"},"og_locale":"de_DE","og_type":"article","og_title":"Energieaudit - Electrosuisse","og_description":"Energieaudit-Expertise: Effizienzsteigerung, Kostensenkung, ISO 50001 Konformit\u00e4t.","og_url":"https:\/\/staging.electrosuisse.ch\/de\/engineering\/energieaudit\/","og_site_name":"Electrosuisse","article_modified_time":"2025-11-27T08:47:39+00:00","og_image":[{"width":1578,"height":650,"url":"https:\/\/staging.electrosuisse.ch\/wp-content\/uploads\/2019\/04\/Electrosuisse_Energienutzungskonzept_iStock-491842814-e1554283006791.jpg","type":"image\/jpeg"}],"schema":{"@context":"https:\/\/schema.org","@graph":[{"@type":"WebPage","@id":"https:\/\/staging.electrosuisse.ch\/de\/engineering\/energieaudit\/","url":"https:\/\/staging.electrosuisse.ch\/de\/engineering\/energieaudit\/","name":"Energieaudit - Electrosuisse","isPartOf":{"@id":"https:\/\/staging.electrosuisse.ch\/de\/#website"},"datePublished":"2024-03-13T08:09:05+00:00","dateModified":"2025-11-27T08:47:39+00:00","description":"Energieaudit-Expertise: Effizienzsteigerung, Kostensenkung, ISO 50001 Konformit\u00e4t.","breadcrumb":{"@id":"https:\/\/staging.electrosuisse.ch\/de\/engineering\/energieaudit\/#breadcrumb"},"inLanguage":"de","potentialAction":[{"@type":"ReadAction","target":["https:\/\/staging.electrosuisse.ch\/de\/engineering\/energieaudit\/"]}]},{"@type":"BreadcrumbList","@id":"https:\/\/staging.electrosuisse.ch\/de\/engineering\/energieaudit\/#breadcrumb","itemListElement":[{"@type":"ListItem","position":1,"name":"Engineering","item":"https:\/\/staging.electrosuisse.ch\/de\/engineering\/"},{"@type":"ListItem","position":2,"name":"Energieaudit"}]},{"@type":"WebSite","@id":"https:\/\/staging.electrosuisse.ch\/de\/#website","url":"https:\/\/staging.electrosuisse.ch\/de\/","name":"Electrosuisse","description":"","publisher":{"@id":"https:\/\/staging.electrosuisse.ch\/de\/#organization"},"potentialAction":[{"@type":"SearchAction","target":{"@type":"EntryPoint","urlTemplate":"https:\/\/staging.electrosuisse.ch\/de\/?s={search_term_string}"},"query-input":{"@type":"PropertyValueSpecification","valueRequired":true,"valueName":"search_term_string"}}],"inLanguage":"de"},{"@type":"Organization","@id":"https:\/\/staging.electrosuisse.ch\/de\/#organization","name":"Electrosuisse","url":"https:\/\/staging.electrosuisse.ch\/de\/","logo":{"@type":"ImageObject","inLanguage":"de","@id":"https:\/\/staging.electrosuisse.ch\/de\/#\/schema\/logo\/image\/","url":"https:\/\/staging.electrosuisse.ch\/wp-content\/uploads\/2025\/04\/Electrosuisse_Logo_696x696.png","contentUrl":"https:\/\/staging.electrosuisse.ch\/wp-content\/uploads\/2025\/04\/Electrosuisse_Logo_696x696.png","width":696,"height":696,"caption":"Electrosuisse"},"image":{"@id":"https:\/\/staging.electrosuisse.ch\/de\/#\/schema\/logo\/image\/"},"sameAs":["https:\/\/www.linkedin.com\/company\/electrosuisse-ag\/posts\/?feedView=all","https:\/\/www.instagram.com\/electrosuisse1889\/","https:\/\/www.youtube.com\/channel\/UCoOxohMiVE0Gjcdis1L09zw"],"description":"Electrosuisse ist eine anerkannte und unabh\u00e4ngige Fachorganisation, die erstklassige Dienstleistungen und Produkte in den Bereichen Inspektion, Beratung, Pr\u00fcfung, Zertifizierung, Normung und Weiterbildung anbietet. Unsere Expertise umfasst Elektrotechnik, Elektromobilit\u00e4t, Energieberatung, Geb\u00e4udeautomation und Photovoltaik in der Schweiz. Durch die Veranstaltung etablierter Branchen-Events und Fachtagungen f\u00f6rdert Electrosuisse den Wissenstransfer und den fachlichen Austausch. Im Mittelpunkt unserer T\u00e4tigkeiten steht die F\u00f6rderung der sicheren, wirtschaftlichen und umweltgerechten Anwendung der Elektrotechnik."}]}},"amp_enabled":true,"_links":{"self":[{"href":"https:\/\/staging.electrosuisse.ch\/de\/wp-json\/wp\/v2\/pages\/34443","targetHints":{"allow":["GET"]}}],"collection":[{"href":"https:\/\/staging.electrosuisse.ch\/de\/wp-json\/wp\/v2\/pages"}],"about":[{"href":"https:\/\/staging.electrosuisse.ch\/de\/wp-json\/wp\/v2\/types\/page"}],"author":[{"embeddable":true,"href":"https:\/\/staging.electrosuisse.ch\/de\/wp-json\/wp\/v2\/users\/38"}],"replies":[{"embeddable":true,"href":"https:\/\/staging.electrosuisse.ch\/de\/wp-json\/wp\/v2\/comments?post=34443"}],"version-history":[{"count":10,"href":"https:\/\/staging.electrosuisse.ch\/de\/wp-json\/wp\/v2\/pages\/34443\/revisions"}],"predecessor-version":[{"id":40527,"href":"https:\/\/staging.electrosuisse.ch\/de\/wp-json\/wp\/v2\/pages\/34443\/revisions\/40527"}],"up":[{"embeddable":true,"href":"https:\/\/staging.electrosuisse.ch\/de\/wp-json\/wp\/v2\/pages\/28"}],"wp:attachment":[{"href":"https:\/\/staging.electrosuisse.ch\/de\/wp-json\/wp\/v2\/media?parent=34443"}],"curies":[{"name":"wp","href":"https:\/\/api.w.org\/{rel}","templated":true}]}}