{"id":34445,"date":"2025-09-05T14:57:35","date_gmt":"2025-09-05T12:57:35","guid":{"rendered":"https:\/\/staging.electrosuisse.ch\/?page_id=34445"},"modified":"2025-09-05T14:57:35","modified_gmt":"2025-09-05T12:57:35","slug":"ostral-4","status":"publish","type":"page","link":"https:\/\/staging.electrosuisse.ch\/it\/engineering\/ostral-4\/","title":{"rendered":"OSTRAL"},"content":{"rendered":"<div class=\"wpb-content-wrapper\"><p>[vc_row][vc_column][vc_column_text el_class=&#8221;lead&#8221;]Sinora una penuria di elettricit\u00e0 in Svizzera era stata impensabile. Tuttavia, le analisi di rischio condotte a livello nazionale hanno evidenziato che, a causa dei cambiamenti climatici o delle ridotte possibilit\u00e0 di importazione, una grave mancanza di energia elettrica \u00e8 gi\u00e0 altamente probabile. Una penuria di elettricit\u00e0 si viene a creare nel momento in cui svariati, importanti produttori interrompono la fornitura. In questo caso, e sotto la supervisione della Confederazione, interviene OSTRAL, l\u2019<a href=\"https:\/\/www.ostral.ch\/it\" target=\"_blank\" rel=\"noopener\">Organizzazione per l\u2019approvvigionamento elettrico in situazioni straordinarie<\/a>.<\/p>\n<p>La Confederazione predispone misure di gestione per garantire l\u2019equilibrio tra produzione e consumo a un livello ridotto; ora gli operatori di rete e i grandi consumatori sono chiamati a pianificare in anticipo tali misure in modo da poterle, se necessario, applicare rapidamente e con effetto prevedibile per le parti interessate.<\/p>\n<p>La problematica riguarda tutti i settori allo stesso modo. In caso di contingentamento, alle strutture che consumano oltre 100&#8217;000 kWh di corrente all\u2019anno viene richiesto di ridurre il consumo di energia fra il 10% e il 30% (al massimo del 50%) rispetto allo stesso periodo dell\u2019anno precedente.[\/vc_column_text]<div class=\"wpb_image_column wpb_content_element\"><div class=\"wpb_wrapper\"><div class=\"picture_container\"><picture style=\"width: 800px\"><source media=\"(min-width: 769px)\" srcset=\"https:\/\/staging.electrosuisse.ch\/wp-content\/uploads\/2023\/11\/Grafik-Ostral-1024x496.png\"><source media=\"(min-width: 415px)\" srcset=\"https:\/\/staging.electrosuisse.ch\/wp-content\/uploads\/2023\/11\/Grafik-Ostral-768x372.png\"><source media=\"(max-width: 414px)\" srcset=\"https:\/\/staging.electrosuisse.ch\/wp-content\/uploads\/2023\/11\/Grafik-Ostral-414x201.png 1x, https:\/\/staging.electrosuisse.ch\/wp-content\/uploads\/2023\/11\/Grafik-Ostral-768x372.png 2x\"><img decoding=\"async\" src=\"https:\/\/staging.electrosuisse.ch\/wp-content\/uploads\/2023\/11\/Grafik-Ostral-1024x496.png\" alt=\"Grafico elaborato sulla base dei dati OSTRAL\" \/><\/picture><\/div><\/div><\/div>[vc_column_text]Grafico elaborato sulla base dei dati OSTRAL[\/vc_column_text][\/vc_column][\/vc_row][vc_row el_id=&#8221;angebot&#8221;][vc_column][vc_column_text el_class=&#8221;lead&#8221;]<\/p>\n<h3>La nostra offerta: pacchetto di misure OSTRAL come opportunit\u00e0 per la vostra azienda<\/h3>\n<p>Per poter reagire in modo ottimale a una penuria di elettricit\u00e0 \u00e8 importante conoscere il rapporto fra consumo energetico e produttivit\u00e0 e per farlo \u00e8 c\u2019\u00e8 bisogno di trasparenza. Analizziamo lo \u00abstato effettivo\u00bb della vostra azienda ed elaboriamo una strategia che vi consenta in futuro di soddisfare i requisiti di OSTRAL. In una seconda fase vi affianchiamo nell\u2019attuazione tecnica.<\/p>\n<p>Electrosuisse \u00e8 costituita da team interdisciplinari e regionali, collegati in rete a livello nazionale e internazionale e con esperienza pluriennale maturata nell\u2019ambito di stabilimenti industriali e aziende di approvvigionamento energetico. Grazie al loro approfondito know-how tecnico, abbinato all\u2019utilizzo di strumenti all\u2019avanguardia, il team di Electrosuisse crea simulazioni di sistema in tempo reale utilizzando dati di processo effettivi, ricavati da analisi e misurazioni. In questo modo i sistemi possono essere notevolmente migliorati in termini di calore ed elettricit\u00e0 nonch\u00e9 di operativit\u00e0 e di costi. Il team Engineering di Electrosuisse ha potuto gi\u00e0 valutare le misure adottate da svariati clienti, stabilire i potenziali, elaborare le strategie di implementazione e preparare quindi attivamente a una penuria di elettricit\u00e0.<\/p>\n<p>Con una pianificazione accurata potete non solo risparmiare denaro, ridurre i rischi e garantire una maggior efficienza dell\u2019attivit\u00e0 aziendale, ma anche essere preparati in modo ottimale in caso di crisi. Monitorando gli impianti rilevanti dal punto di vista tecnico-energetico si presentano inoltre molteplici opportunit\u00e0 di ulteriore ottimizzazione dei processi produttivi. Saremo lieti di fornire la nostra consulenza ai grandi consumatori e alle aziende di approvvigionamento energetico per poter affrontare al meglio le nuove sfide.[\/vc_column_text][\/vc_column][\/vc_row][vc_row el_id=&#8221;kontakt&#8221;][vc_column][vc_column_text el_class=&#8221;lead&#8221;]<\/p>\n<h2>Contatto<\/h2>\n<p>[\/vc_column_text]<div class=\"wpb_contact_column wpb_content_element wpb_contact_column--container\"><div class=\"wpb_wrapper\"><div class=\"contact_container_outer\"><div class=\"contact_container\"><div class=\"contact row middle-xs\"><div class=\"contact__img col-sm-5 col-xs-12\"><img decoding=\"async\" src=\"https:\/\/staging.electrosuisse.ch\/wp-content\/uploads\/2024\/08\/StefanBaer_302x302.png\" alt=\"Stefan B\u00e4r - Responsabile del team Ingegneria Est\" \/><\/div><div class=\"contact__info col-sm-7 col-xs-12\"><p><b>Stefan B\u00e4r<\/b><br>Responsabile del team Ingegneria Est<\/p><div class=\"phone has-link\"><a href=\"tel:+41585951571\">+41 58 595 15 71<\/a><\/div><div class=\"mail has-link\"><a href=\"mailto:s&#116;&#x65;&#x66;a&#110;&#x2e;&#x62;a&#101;&#x72;&#x40;e&#108;&#x65;&#x63;t&#114;&#x6f;&#x73;u&#105;&#115;&#x73;&#x65;&#46;&#99;&#x68;\">&#115;t&#x65;f&#x61;n&#x2e;&#98;&#x61;&#101;&#x72;&#64;e&#x6c;e&#x63;t&#x72;&#111;&#x73;&#117;&#x69;&#115;&#x73;&#101;&#46;&#x63;h<\/a><\/div><\/div><\/div><\/div><\/div><div class=\"contact_container_outer\"><div class=\"contact_container\"><div class=\"contact row middle-xs\"><div class=\"contact__img col-sm-5 col-xs-12\"><img decoding=\"async\" src=\"https:\/\/staging.electrosuisse.ch\/wp-content\/uploads\/2025\/09\/Felix-Bigler_320x320.png\" alt=\"Felix Bigler - Responsabile del team Ingegneria Ovest\" \/><\/div><div class=\"contact__info col-sm-7 col-xs-12\"><p><b>Felix Bigler<\/b><br>Responsabile del team Ingegneria Ovest<\/p><div class=\"phone has-link\"><a href=\"tel:+41585951575\">+41 58 595 15 75<\/a><\/div><div class=\"mail has-link\"><a href=\"mailto:f&#101;&#108;&#x69;&#x78;&#x2e;b&#105;&#103;&#x6c;&#x65;&#x72;&#64;e&#108;&#x65;&#x63;&#x74;ro&#115;&#117;&#x69;&#x73;&#x73;e&#46;&#99;&#x68;\">&#x66;&#101;l&#x69;&#120;&#46;&#x62;&#105;g&#x6c;&#101;r&#x40;&#101;l&#x65;&#99;t&#x72;&#111;s&#x75;&#105;s&#x73;&#101;&#46;&#x63;&#104;<\/a><\/div><\/div><\/div><\/div><\/div><div class=\"contact_container_outer\"><div class=\"contact_container\"><div class=\"contact row middle-xs\"><div class=\"contact__img col-sm-5 col-xs-12\"><img decoding=\"async\" src=\"\/wp-content\/themes\/SCHMUCKI_child\/img\/contact_placeholder.jpg\" alt=\"Consulenza, ispezione, engineering \" \/><\/div><div class=\"contact__info col-sm-7 col-xs-12\"><p><b>Consulenza, ispezione, engineering <\/b><br>Servizio interno<\/p><div class=\"phone has-link\"><a href=\"tel:+41585951199\">+41 58 595 11 99<\/a><\/div><div class=\"mail has-link\"><a href=\"mailto:&#x62;&#x65;&#114;&#97;t&#x75;&#x6e;&#x67;&#64;&#101;l&#x65;&#x63;&#x74;&#114;&#111;s&#x75;&#x69;&#x73;&#115;&#101;&#46;&#x63;&#x68;\">&#98;e&#114;a&#116;u&#x6e;g&#x40;e&#x6c;e&#x63;t&#x72;o&#x73;u&#x69;s&#x73;e&#x2e;c&#x68;<\/a><\/div><\/div><\/div><\/div><\/div><\/div><\/div>[\/vc_column][\/vc_row]<\/p>\n<\/div>","protected":false},"excerpt":{"rendered":"<p>[vc_row][vc_column][vc_column_text el_class=&#8221;lead&#8221;]Sinora una penuria di elettricit\u00e0 in Svizzera era stata impensabile. Tuttavia, le analisi di rischio condotte a livello nazionale hanno evidenziato che, a causa dei cambiamenti climatici o delle ridotte possibilit\u00e0 di importazione, una grave mancanza di energia elettrica \u00e8 gi\u00e0 altamente probabile. Una penuria di elettricit\u00e0 si viene a creare nel momento in [&hellip;]<\/p>\n","protected":false},"author":38,"featured_media":0,"parent":4118,"menu_order":216,"comment_status":"closed","ping_status":"closed","template":"","meta":{"_acf_changed":false,"_monsterinsights_skip_tracking":false,"_monsterinsights_sitenote_active":false,"_monsterinsights_sitenote_note":"","_monsterinsights_sitenote_category":0,"footnotes":""},"class_list":["post-34445","page","type-page","status-publish","hentry"],"acf":[],"yoast_head":"<!-- This site is optimized with the Yoast SEO Premium plugin v26.4 (Yoast SEO v27.0) - https:\/\/yoast.com\/product\/yoast-seo-premium-wordpress\/ -->\n<title>Electrosuisse - OSTRAL<\/title>\n<meta name=\"description\" content=\"Analizziamo lo \u00abstato effettivo\u00bb della vostra azienda ed elaboriamo una strategia che vi consenta in futuro di soddisfare i requisiti di OSTRAL.\" \/>\n<meta name=\"robots\" content=\"noindex, follow, max-snippet:-1, max-image-preview:large, max-video-preview:-1\" \/>\n<meta property=\"og:locale\" content=\"it_IT\" \/>\n<meta property=\"og:type\" content=\"article\" \/>\n<meta property=\"og:title\" content=\"Electrosuisse - OSTRAL\" \/>\n<meta property=\"og:description\" content=\"Analizziamo lo \u00abstato effettivo\u00bb della vostra azienda ed elaboriamo una strategia che vi consenta in futuro di soddisfare i requisiti di OSTRAL.\" \/>\n<meta property=\"og:url\" content=\"https:\/\/staging.electrosuisse.ch\/it\/engineering\/ostral-4\/\" \/>\n<meta property=\"og:site_name\" content=\"Electrosuisse\" \/>\n<meta property=\"og:image\" content=\"https:\/\/staging.electrosuisse.ch\/wp-content\/uploads\/2022\/09\/Electrosuisse_Energienutzungskonzept_iStock-491842814-1-1660x1107-1.jpg\" \/>\n\t<meta property=\"og:image:width\" content=\"1578\" \/>\n\t<meta property=\"og:image:height\" content=\"650\" \/>\n\t<meta property=\"og:image:type\" content=\"image\/jpeg\" \/>\n<script type=\"application\/ld+json\" class=\"yoast-schema-graph\">{\"@context\":\"https:\/\/schema.org\",\"@graph\":[{\"@type\":\"WebPage\",\"@id\":\"https:\/\/staging.electrosuisse.ch\/it\/engineering\/ostral-4\/\",\"url\":\"https:\/\/staging.electrosuisse.ch\/it\/engineering\/ostral-4\/\",\"name\":\"Electrosuisse - OSTRAL\",\"isPartOf\":{\"@id\":\"https:\/\/staging.electrosuisse.ch\/it\/#website\"},\"datePublished\":\"2025-09-05T12:57:35+00:00\",\"description\":\"Analizziamo lo \u00abstato effettivo\u00bb della vostra azienda ed elaboriamo una strategia che vi consenta in futuro di soddisfare i requisiti di OSTRAL.\",\"breadcrumb\":{\"@id\":\"https:\/\/staging.electrosuisse.ch\/it\/engineering\/ostral-4\/#breadcrumb\"},\"inLanguage\":\"it-IT\",\"potentialAction\":[{\"@type\":\"ReadAction\",\"target\":[\"https:\/\/staging.electrosuisse.ch\/it\/engineering\/ostral-4\/\"]}]},{\"@type\":\"BreadcrumbList\",\"@id\":\"https:\/\/staging.electrosuisse.ch\/it\/engineering\/ostral-4\/#breadcrumb\",\"itemListElement\":[{\"@type\":\"ListItem\",\"position\":1,\"name\":\"Engineering\",\"item\":\"https:\/\/staging.electrosuisse.ch\/it\/engineering\/\"},{\"@type\":\"ListItem\",\"position\":2,\"name\":\"OSTRAL\"}]},{\"@type\":\"WebSite\",\"@id\":\"https:\/\/staging.electrosuisse.ch\/it\/#website\",\"url\":\"https:\/\/staging.electrosuisse.ch\/it\/\",\"name\":\"Electrosuisse\",\"description\":\"\",\"publisher\":{\"@id\":\"https:\/\/staging.electrosuisse.ch\/it\/#organization\"},\"potentialAction\":[{\"@type\":\"SearchAction\",\"target\":{\"@type\":\"EntryPoint\",\"urlTemplate\":\"https:\/\/staging.electrosuisse.ch\/it\/?s={search_term_string}\"},\"query-input\":{\"@type\":\"PropertyValueSpecification\",\"valueRequired\":true,\"valueName\":\"search_term_string\"}}],\"inLanguage\":\"it-IT\"},{\"@type\":\"Organization\",\"@id\":\"https:\/\/staging.electrosuisse.ch\/it\/#organization\",\"name\":\"Electrosuisse\",\"url\":\"https:\/\/staging.electrosuisse.ch\/it\/\",\"logo\":{\"@type\":\"ImageObject\",\"inLanguage\":\"it-IT\",\"@id\":\"https:\/\/staging.electrosuisse.ch\/it\/#\/schema\/logo\/image\/\",\"url\":\"https:\/\/staging.electrosuisse.ch\/wp-content\/uploads\/2025\/04\/Electrosuisse_Logo_696x696.png\",\"contentUrl\":\"https:\/\/staging.electrosuisse.ch\/wp-content\/uploads\/2025\/04\/Electrosuisse_Logo_696x696.png\",\"width\":696,\"height\":696,\"caption\":\"Electrosuisse\"},\"image\":{\"@id\":\"https:\/\/staging.electrosuisse.ch\/it\/#\/schema\/logo\/image\/\"},\"sameAs\":[\"https:\/\/www.linkedin.com\/company\/electrosuisse-ag\/posts\/?feedView=all\",\"https:\/\/www.instagram.com\/electrosuisse1889\/\",\"https:\/\/www.youtube.com\/channel\/UCoOxohMiVE0Gjcdis1L09zw\"],\"description\":\"Electrosuisse ist eine anerkannte und unabh\u00e4ngige Fachorganisation, die erstklassige Dienstleistungen und Produkte in den Bereichen Inspektion, Beratung, Pr\u00fcfung, Zertifizierung, Normung und Weiterbildung anbietet. Unsere Expertise umfasst Elektrotechnik, Elektromobilit\u00e4t, Energieberatung, Geb\u00e4udeautomation und Photovoltaik in der Schweiz. Durch die Veranstaltung etablierter Branchen-Events und Fachtagungen f\u00f6rdert Electrosuisse den Wissenstransfer und den fachlichen Austausch. Im Mittelpunkt unserer T\u00e4tigkeiten steht die F\u00f6rderung der sicheren, wirtschaftlichen und umweltgerechten Anwendung der Elektrotechnik.\"}]}<\/script>\n<!-- \/ Yoast SEO Premium plugin. -->","yoast_head_json":{"title":"Electrosuisse - OSTRAL","description":"Analizziamo lo \u00abstato effettivo\u00bb della vostra azienda ed elaboriamo una strategia che vi consenta in futuro di soddisfare i requisiti di OSTRAL.","robots":{"index":"noindex","follow":"follow","max-snippet":"max-snippet:-1","max-image-preview":"max-image-preview:large","max-video-preview":"max-video-preview:-1"},"og_locale":"it_IT","og_type":"article","og_title":"Electrosuisse - OSTRAL","og_description":"Analizziamo lo \u00abstato effettivo\u00bb della vostra azienda ed elaboriamo una strategia che vi consenta in futuro di soddisfare i requisiti di OSTRAL.","og_url":"https:\/\/staging.electrosuisse.ch\/it\/engineering\/ostral-4\/","og_site_name":"Electrosuisse","og_image":[{"width":1578,"height":650,"url":"https:\/\/staging.electrosuisse.ch\/wp-content\/uploads\/2022\/09\/Electrosuisse_Energienutzungskonzept_iStock-491842814-1-1660x1107-1.jpg","type":"image\/jpeg"}],"schema":{"@context":"https:\/\/schema.org","@graph":[{"@type":"WebPage","@id":"https:\/\/staging.electrosuisse.ch\/it\/engineering\/ostral-4\/","url":"https:\/\/staging.electrosuisse.ch\/it\/engineering\/ostral-4\/","name":"Electrosuisse - OSTRAL","isPartOf":{"@id":"https:\/\/staging.electrosuisse.ch\/it\/#website"},"datePublished":"2025-09-05T12:57:35+00:00","description":"Analizziamo lo \u00abstato effettivo\u00bb della vostra azienda ed elaboriamo una strategia che vi consenta in futuro di soddisfare i requisiti di OSTRAL.","breadcrumb":{"@id":"https:\/\/staging.electrosuisse.ch\/it\/engineering\/ostral-4\/#breadcrumb"},"inLanguage":"it-IT","potentialAction":[{"@type":"ReadAction","target":["https:\/\/staging.electrosuisse.ch\/it\/engineering\/ostral-4\/"]}]},{"@type":"BreadcrumbList","@id":"https:\/\/staging.electrosuisse.ch\/it\/engineering\/ostral-4\/#breadcrumb","itemListElement":[{"@type":"ListItem","position":1,"name":"Engineering","item":"https:\/\/staging.electrosuisse.ch\/it\/engineering\/"},{"@type":"ListItem","position":2,"name":"OSTRAL"}]},{"@type":"WebSite","@id":"https:\/\/staging.electrosuisse.ch\/it\/#website","url":"https:\/\/staging.electrosuisse.ch\/it\/","name":"Electrosuisse","description":"","publisher":{"@id":"https:\/\/staging.electrosuisse.ch\/it\/#organization"},"potentialAction":[{"@type":"SearchAction","target":{"@type":"EntryPoint","urlTemplate":"https:\/\/staging.electrosuisse.ch\/it\/?s={search_term_string}"},"query-input":{"@type":"PropertyValueSpecification","valueRequired":true,"valueName":"search_term_string"}}],"inLanguage":"it-IT"},{"@type":"Organization","@id":"https:\/\/staging.electrosuisse.ch\/it\/#organization","name":"Electrosuisse","url":"https:\/\/staging.electrosuisse.ch\/it\/","logo":{"@type":"ImageObject","inLanguage":"it-IT","@id":"https:\/\/staging.electrosuisse.ch\/it\/#\/schema\/logo\/image\/","url":"https:\/\/staging.electrosuisse.ch\/wp-content\/uploads\/2025\/04\/Electrosuisse_Logo_696x696.png","contentUrl":"https:\/\/staging.electrosuisse.ch\/wp-content\/uploads\/2025\/04\/Electrosuisse_Logo_696x696.png","width":696,"height":696,"caption":"Electrosuisse"},"image":{"@id":"https:\/\/staging.electrosuisse.ch\/it\/#\/schema\/logo\/image\/"},"sameAs":["https:\/\/www.linkedin.com\/company\/electrosuisse-ag\/posts\/?feedView=all","https:\/\/www.instagram.com\/electrosuisse1889\/","https:\/\/www.youtube.com\/channel\/UCoOxohMiVE0Gjcdis1L09zw"],"description":"Electrosuisse ist eine anerkannte und unabh\u00e4ngige Fachorganisation, die erstklassige Dienstleistungen und Produkte in den Bereichen Inspektion, Beratung, Pr\u00fcfung, Zertifizierung, Normung und Weiterbildung anbietet. Unsere Expertise umfasst Elektrotechnik, Elektromobilit\u00e4t, Energieberatung, Geb\u00e4udeautomation und Photovoltaik in der Schweiz. Durch die Veranstaltung etablierter Branchen-Events und Fachtagungen f\u00f6rdert Electrosuisse den Wissenstransfer und den fachlichen Austausch. Im Mittelpunkt unserer T\u00e4tigkeiten steht die F\u00f6rderung der sicheren, wirtschaftlichen und umweltgerechten Anwendung der Elektrotechnik."}]}},"amp_enabled":true,"_links":{"self":[{"href":"https:\/\/staging.electrosuisse.ch\/it\/wp-json\/wp\/v2\/pages\/34445","targetHints":{"allow":["GET"]}}],"collection":[{"href":"https:\/\/staging.electrosuisse.ch\/it\/wp-json\/wp\/v2\/pages"}],"about":[{"href":"https:\/\/staging.electrosuisse.ch\/it\/wp-json\/wp\/v2\/types\/page"}],"author":[{"embeddable":true,"href":"https:\/\/staging.electrosuisse.ch\/it\/wp-json\/wp\/v2\/users\/38"}],"replies":[{"embeddable":true,"href":"https:\/\/staging.electrosuisse.ch\/it\/wp-json\/wp\/v2\/comments?post=34445"}],"version-history":[{"count":1,"href":"https:\/\/staging.electrosuisse.ch\/it\/wp-json\/wp\/v2\/pages\/34445\/revisions"}],"predecessor-version":[{"id":39953,"href":"https:\/\/staging.electrosuisse.ch\/it\/wp-json\/wp\/v2\/pages\/34445\/revisions\/39953"}],"up":[{"embeddable":true,"href":"https:\/\/staging.electrosuisse.ch\/it\/wp-json\/wp\/v2\/pages\/4118"}],"wp:attachment":[{"href":"https:\/\/staging.electrosuisse.ch\/it\/wp-json\/wp\/v2\/media?parent=34445"}],"curies":[{"name":"wp","href":"https:\/\/api.w.org\/{rel}","templated":true}]}}